{"id":378,"date":"2023-05-30T17:30:06","date_gmt":"2023-05-30T17:30:06","guid":{"rendered":"https:\/\/alvforgroup.com\/?page_id=378"},"modified":"2025-11-10T16:52:19","modified_gmt":"2025-11-10T16:52:19","slug":"quienes-somos","status":"publish","type":"page","link":"https:\/\/alvforgroup.com\/index.php\/quienes-somos\/","title":{"rendered":"QUI\u00c9NES SOMOS"},"content":{"rendered":"\n<h2 class=\"wp-block-heading has-text-align-center\" style=\"text-transform:uppercase\">\u00bfQui\u00e9nes Somos?<\/h2>\n\n\n\n<div class=\"wp-block-group is-layout-constrained\" style=\"padding-top:var(--wp--preset--spacing--40);padding-right:var(--wp--preset--spacing--40);padding-bottom:var(--wp--preset--spacing--40);padding-left:var(--wp--preset--spacing--40)\">\n<div class=\"intrace-animate intrace-move-up intrace-delay-5\"><p style='text-align:left; color: #5e5c5c; font-family: \"Manrope\", Sans-serif; font-weight: 200; font-size: 17px;'>Alvfor Group S.L. nace de una visi\u00f3n empresarial enfocada en la creaci\u00f3n de valor, la estrategia internacional y la integraci\u00f3n de estructuras que conectan mercados, marcas y oportunidades en diferentes regiones del mundo.\n<\/p><\/div>\n\n\n\n<div class=\"intrace-animate intrace-move-up intrace-delay-5\"><p style='text-align:left; color: #5e5c5c; font-family: \"Manrope\", Sans-serif; font-weight: 200; font-size: 17px;'>Su fundador, Jos\u00e9 Ma. Alva Lefaure, egresado de la Universidad An\u00e1huac (Campus Norte, CDMX), cuenta con una trayectoria de m\u00e1s de tres d\u00e9cadas impulsando proyectos que unen la log\u00edstica, la distribuci\u00f3n y el desarrollo de marcas, consolid\u00e1ndose como un referente en la profesionalizaci\u00f3n del comercio de productos premium entre M\u00e9xico, Estados Unidos y Europa.\n<\/p><\/div>\n\n\n\n<div class=\"intrace-animate intrace-move-up intrace-delay-5\"><p style='text-align:left; color: #5e5c5c; font-family: \"Manrope\", Sans-serif; font-weight: 200; font-size: 17px;'>En 1992<br>\nCrea Grupo Alvfor, S.A de C.V. obteniendo la distribuci\u00f3n en exclusiva de la marca, Sun Fresh Fruits, la cual introduce en cadenas de autoservicio y Clubes de Precios.\n<\/p><\/div>\n\n\n\n<div class=\"intrace-animate intrace-move-up intrace-delay-5\"><p style='text-align:left; color: #5e5c5c; font-family: \"Manrope\", Sans-serif; font-weight: 200; font-size: 17px;'>Conceptualiza, desarrolla y dirige el primer sistema de Consolidaci\u00f3n y distribuci\u00f3n log\u00edstica de productos perecederos, en el pa\u00eds, para contribuir con el proyecto de expansi\u00f3n de PriceCostco y Sams Club.\n<\/p><\/div>\n\n\n\n<div class=\"intrace-animate intrace-move-up intrace-delay-5\"><p style='text-align:left; color: #5e5c5c; font-family: \"Manrope\", Sans-serif; font-weight: 200; font-size: 17px;'>En 1993<br>\nSe convierte en el importador y distribuidor exclusivo de productos perecederos para PriceCostco, a nivel nacional.\n<\/p><\/div>\n\n\n\n<div class=\"intrace-animate intrace-move-up intrace-delay-5\"><p style='text-align:left; color: #5e5c5c; font-family: \"Manrope\", Sans-serif; font-weight: 200; font-size: 17px;'>En 1997<br>\nSe asocia con Mexideli, hoy d\u00eda empresa perteneciente a Emmi Group, creando Comalca Gourmet, con el objetivo de aperturar el mercado del Sureste del pa\u00eds.\n<\/p><\/div>\n\n\n\n<div class=\"intrace-animate intrace-move-up intrace-delay-5\"><p style='text-align:left; color: #5e5c5c; font-family: \"Manrope\", Sans-serif; font-weight: 200; font-size: 17px;'>En 2015 \u2013 2022<br>\nGenera cambios sustanciales en Grupo Comalca Gourmet, con 97 personas bajo su direcci\u00f3n, desarrolla e implementa, manuales y procesos de operaci\u00f3n, certificaciones como Cristal, (obteniendo el primer lugar nacional en 2019), HACCP, Best Place To Work, creaci\u00f3n y divisi\u00f3n de unidades de negocio, Comalca Gourmet, Alfisur, Comalca Reposter\u00eda, Gourmets Market Canc\u00fan y M\u00e9rida, alcanzando ingresos de 22 millones de d\u00f3lares y un EBITDA de 7.1% en el ejercicio 2022, representando un crecimiento equivalente a 6 veces EBITDA vs 2015, logrando posicionar al Grupo en el principal, proveedor de alimentos perecederos, especializados gourmet, del Sureste del pa\u00eds.\n<\/p><\/div>\n\n\n\n<div class=\"intrace-animate intrace-move-up intrace-delay-5\"><p style='text-align:left; color: #5e5c5c; font-family: \"Manrope\", Sans-serif; font-weight: 200; font-size: 17px;'>En 2022<br>\nDecide vender sus acciones de Grupo Comalca Gourmet, consolidando as\u00ed su siguiente etapa profesional y personal.\n<\/p><\/div>\n\n\n\n<div style=\"height:26px\" aria-hidden=\"true\" class=\"wp-block-spacer\"><\/div>\n\n\n\n<div class=\"intrace-animate intrace-move-up intrace-delay-5\"><p style='text-align:left; color: #1a72a8; font-family: \"Manrope\", Sans-serif; font-weight: 300; font-size: 20px;'><strong>Alvfor Group (Andorra):<\/strong>\n<\/p><\/div><br><div class=\"intrace-animate intrace-move-up intrace-delay-5\"><p style='text-align:left; color: #5e5c5c; font-family: \"Manrope\", Sans-serif; font-weight: 200; font-size: 17px; margin-top: -40px'>Estrategia global y estructura de negocios internacionales.\n<\/p><\/div><br>\n\n\n\n<div class=\"intrace-animate intrace-move-up intrace-delay-5\"><p style='text-align:left; color: #1a72a8; font-family: \"Manrope\", Sans-serif; font-weight: 300; font-size: 20px;'><strong>Gourmet Best Value:<\/strong>\n<\/p><\/div><br><div class=\"intrace-animate intrace-move-up intrace-delay-5\"><p style='text-align:left; color: #5e5c5c; font-family: \"Manrope\", Sans-serif; font-weight: 200; font-size: 17px;margin-top: -40px'>Exportaci\u00f3n, control y rentabilidad.\n<\/p><\/div><br>\n\n\n\n<div class=\"intrace-animate intrace-move-up intrace-delay-5\"><p style='text-align:left; color: #1a72a8; font-family: \"Manrope\", Sans-serif; font-weight: 300; font-size: 20px;'><strong>Gusto Buen Vivir:<\/strong>\n<\/p><\/div><br><div class=\"intrace-animate intrace-move-up intrace-delay-5\"><p style='text-align:left; color: #5e5c5c; font-family: \"Manrope\", Sans-serif; font-weight: 200; font-size: 17px; margin-top: -40px'>Cultura gastron\u00f3mica, promoci\u00f3n y comunicaci\u00f3n.\n<\/p><\/div><br>\n\n\n\n<div class=\"intrace-animate intrace-move-up intrace-delay-5\"><p style='text-align:left; color: #1a72a8; font-family: \"Manrope\", Sans-serif; font-weight: 300; font-size: 20px;'><strong>Aktal Logistics (EE. UU.): <\/strong>\n<\/p><\/div><br><div class=\"intrace-animate intrace-move-up intrace-delay-5\"><p style='text-align:left; color: #5e5c5c; font-family: \"Manrope\", Sans-serif; font-weight: 200; font-size: 17px;margin-top: -40px'>Log\u00edstica, almacenaje y cumplimiento federal.\n<\/p><\/div><br>\n\n\n\n<div class=\"intrace-animate intrace-move-up intrace-delay-5\"><p style='text-align:left; color: #1a72a8; font-family: \"Manrope\", Sans-serif; font-weight: 300; font-size: 20px;'><strong>Alvfor USA (EE. UU.):<\/strong>\n<\/p><\/div><br><div class=\"intrace-animate intrace-move-up intrace-delay-5\"><p style='text-align:left; color: #5e5c5c; font-family: \"Manrope\", Sans-serif; font-weight: 200; font-size: 17px;margin-top: -40px'>Distribuci\u00f3n y comercializaci\u00f3n de vinos, destilados, licores, tabaco y productos gourmet.\n<\/p><\/div>\n\n\n\n<div style=\"height:31px\" aria-hidden=\"true\" class=\"wp-block-spacer\"><\/div>\n\n\n\n<div class=\"intrace-animate intrace-move-up intrace-delay-5\"><p style='text-align:left; color: #5e5c5c; font-family: \"Manrope\", Sans-serif; font-weight: 300; font-size: 17px;'>\ud83e\udd1d LIDERAZGO INTERNACIONAL<br><br>\n\nJos\u00e9 Ma. Alva Lefaure \u2013 Fundador &#038; CEO Alvfor Group \/ Gourmet Best Value  \/ Gusto Buen Vivir<br><br>\nEstratega y empresario con amplia trayectoria en los sectores log\u00edstico, alimentario y gastron\u00f3mico.\nSu visi\u00f3n combina experiencia, an\u00e1lisis y expansi\u00f3n internacional, consolidando un ecosistema empresarial que une estrategia, cultura y rentabilidad.<br><br>\n\nAlejandro Babatz \u00c1lvarez Loyo \u2013 Fundador &#038; CEO Aktal Logistics &#038; Alvfor USA<br><br>\nEstratega y empresario con una reconocida trayectoria en el sector log\u00edstico en M\u00e9xico, donde lleg\u00f3 a operar una de las flotas propias de tr\u00e1ileres y camionetas m\u00e1s grandes del pa\u00eds.<br><br>\nDecidi\u00f3 migrar e invertir en Estados Unidos, donde fund\u00f3 Aktal Logistics y Alvfor US, consolidando una estructura empresarial enfocada en cumplimiento, distribuci\u00f3n y comercio internacional.<br><br>\nDesde Houston, lidera las operaciones del grupo en Norteam\u00e9rica, fortaleciendo la capacidad operativa, el control log\u00edstico y la expansi\u00f3n comercial.\n\n<\/p><\/div>\n\n\n\n<div style=\"height:30px\" aria-hidden=\"true\" class=\"wp-block-spacer\"><\/div>\n\n\n\n<div class=\"intrace-animate intrace-move-up intrace-delay-5\"><p style='text-align:center; color: #1e3867; font-family: \"Manrope\", Sans-serif; font-weight: 200; font-size: 17px;'>\u201cCinco divisiones, una sola visi\u00f3n global: estrategia, cumplimiento y rentabilidad sostenible.\u201d\n<\/p><\/div>\n<\/div>\n\n\n\n<div style=\"height:21px\" aria-hidden=\"true\" class=\"wp-block-spacer\"><\/div>\n","protected":false},"excerpt":{"rendered":"<p>\u00bfQui\u00e9nes Somos? Alvfor Group S.L. nace de una visi\u00f3n empresarial enfocada en la creaci\u00f3n de valor, la estrategia internacional y la integraci\u00f3n de estructuras que conectan mercados, marcas y oportunidades en diferentes regiones del mundo. Su fundador, Jos\u00e9 Ma. Alva Lefaure, egresado de la Universidad An\u00e1huac (Campus Norte, CDMX), cuenta con una trayectoria de m\u00e1s de tres d\u00e9cadas impulsando proyectos que unen la log\u00edstica, la distribuci\u00f3n y el desarrollo de marcas, consolid\u00e1ndose como un referente en la profesionalizaci\u00f3n del comercio de productos premium entre M\u00e9xico, Estados Unidos y Europa. En 1992 Crea Grupo Alvfor, S.A de C.V. obteniendo la distribuci\u00f3n<\/p>\n","protected":false},"author":1,"featured_media":0,"parent":0,"menu_order":0,"comment_status":"closed","ping_status":"closed","template":"","meta":[],"_links":{"self":[{"href":"https:\/\/alvforgroup.com\/index.php\/wp-json\/wp\/v2\/pages\/378"}],"collection":[{"href":"https:\/\/alvforgroup.com\/index.php\/wp-json\/wp\/v2\/pages"}],"about":[{"href":"https:\/\/alvforgroup.com\/index.php\/wp-json\/wp\/v2\/types\/page"}],"author":[{"embeddable":true,"href":"https:\/\/alvforgroup.com\/index.php\/wp-json\/wp\/v2\/users\/1"}],"replies":[{"embeddable":true,"href":"https:\/\/alvforgroup.com\/index.php\/wp-json\/wp\/v2\/comments?post=378"}],"version-history":[{"count":78,"href":"https:\/\/alvforgroup.com\/index.php\/wp-json\/wp\/v2\/pages\/378\/revisions"}],"predecessor-version":[{"id":1717,"href":"https:\/\/alvforgroup.com\/index.php\/wp-json\/wp\/v2\/pages\/378\/revisions\/1717"}],"wp:attachment":[{"href":"https:\/\/alvforgroup.com\/index.php\/wp-json\/wp\/v2\/media?parent=378"}],"curies":[{"name":"wp","href":"https:\/\/api.w.org\/{rel}","templated":true}]}}