{"id":3,"date":"2023-05-19T16:10:23","date_gmt":"2023-05-19T16:10:23","guid":{"rendered":"https:\/\/alvforgroup.com\/?page_id=3"},"modified":"2025-11-04T21:54:42","modified_gmt":"2025-11-04T21:54:42","slug":"politica-privacidad","status":"publish","type":"page","link":"https:\/\/alvforgroup.com\/index.php\/politica-privacidad\/","title":{"rendered":"Pol\u00edtica de privacidad"},"content":{"rendered":"\n<p><\/p>\n\n\n\n<h2 class=\"wp-block-heading\"><\/h2>\n\n\n\n<div class=\"wp-block-group is-layout-constrained\" style=\"padding-top:var(--wp--preset--spacing--40);padding-right:var(--wp--preset--spacing--40);padding-bottom:var(--wp--preset--spacing--40);padding-left:var(--wp--preset--spacing--40)\">\n<p style='text-align:center; color: #5e5c5c; font-family: \"Manrope\", Sans-serif; font-weight: 300; font-size: 30px;'>POL\u00cdTICA DE PRIVACIDAD\n<\/p>\n<\/div>\n\n\n\n<div style=\"height:20px\" aria-hidden=\"true\" class=\"wp-block-spacer\"><\/div>\n\n\n\n<div class=\"wp-block-group is-layout-constrained\" style=\"padding-top:var(--wp--preset--spacing--40);padding-right:var(--wp--preset--spacing--40);padding-bottom:var(--wp--preset--spacing--40);padding-left:var(--wp--preset--spacing--40)\">\n<div class=\"intrace-animate intrace-move-up intrace-delay-5\"><p style='text-align:left; color: #5e5c5c; font-family: \"Manrope\", Sans-serif; font-weight: 400; font-size: 18px;'>I. Aviso Legal\n<\/p><\/div>\n<\/div>\n\n\n\n<div class=\"wp-block-group is-layout-constrained\" style=\"padding-top:var(--wp--preset--spacing--40);padding-right:var(--wp--preset--spacing--40);padding-bottom:var(--wp--preset--spacing--40);padding-left:var(--wp--preset--spacing--40)\">\n<div class=\"intrace-animate intrace-move-up intrace-delay-5\"><p style='text-align:left; color: #5e5c5c; font-family: \"Manrope\", Sans-serif; font-weight: 200; font-size: 17px;'>La informaci\u00f3n que se muestra a continuaci\u00f3n recoge la normativa de tratamiento de los datos personales y protecci\u00f3n de la intimidad en el sector de las comunicaciones electr\u00f3nicas, que se pone en su conocimiento:<br><br>\nEl titular del sitio web https:\/\/alvforgroup.com es ALVFOR GROUP SL (en adelante, la EMPRESA), gestora y encargada del funcionamiento de los contenidos del presente portal web, domiciliada en Av. La Font del Canyar n\u00famero 3 Edf. Els Esquiadors Bloc B, \u00e0tic 1,  juntament amb Llorts, parr\u00f2quia d&#8217;Ordino, Principat d&#8217;Andorra AD300, con n\u00famero de Registro de Comercio L-721173-Z.<br><br>\nContacto: la direcci\u00f3n mencionada o el correo electr\u00f3nico info@alvforgroup.com<br><br>\nEl contenido del portal web https:\/\/alvforgroup.com constituye un sistema de informaci\u00f3n de los diversos productos y servicios que ofrece, con el fin de mantener contacto con usted y enviarle informaci\u00f3n m\u00e1s detallada, seg\u00fan lo previsto en el presente aviso legal y el resto de los textos legales del presente sitio web.\n\n<\/p><\/div>\n<\/div>\n\n\n\n<div class=\"wp-block-group is-layout-constrained\" style=\"padding-top:var(--wp--preset--spacing--40);padding-right:var(--wp--preset--spacing--40);padding-bottom:var(--wp--preset--spacing--40);padding-left:var(--wp--preset--spacing--40)\">\n<div class=\"intrace-animate intrace-move-up intrace-delay-5\"><p style='text-align:left; color: #5e5c5c; font-family: \"Manrope\", Sans-serif; font-weight: 400; font-size: 18px;'>USUARIO:\n<\/p><\/div>\n<\/div>\n\n\n\n<div class=\"wp-block-group is-layout-constrained\" style=\"padding-top:var(--wp--preset--spacing--40);padding-right:var(--wp--preset--spacing--40);padding-bottom:var(--wp--preset--spacing--40);padding-left:var(--wp--preset--spacing--40)\">\n<div class=\"intrace-animate intrace-move-up intrace-delay-5\"><p style='text-align:left; color: #5e5c5c; font-family: \"Manrope\", Sans-serif; font-weight: 200; font-size: 17px;'>La utilizaci\u00f3n del presente sitio web y sus contenidos le atribuye la condici\u00f3n de Usuario, e implica que ha le\u00eddo y acepta, sin reserva alguna, todas y cada una de las disposiciones incluidas en este Aviso Legal, en la versi\u00f3n publicada por la EMPRESA, que en cada momento se encuentre vigente en la web.<br><br>\nLa EMPRESA se reserva el derecho de modificar, a\u00f1adir o eliminar parte o partes del presente Aviso Legal, en cualquier momento y sin previa notificaci\u00f3n. En consecuencia, se recomienda que el Usuario lea atentamente el presente Aviso Legal cada vez que se proponga utilizar la web.\n<\/p><\/div>\n<\/div>\n\n\n\n<div class=\"wp-block-group is-layout-constrained\" style=\"padding-top:var(--wp--preset--spacing--40);padding-right:var(--wp--preset--spacing--40);padding-bottom:var(--wp--preset--spacing--40);padding-left:var(--wp--preset--spacing--40)\">\n<div class=\"intrace-animate intrace-move-up intrace-delay-5\"><p style='text-align:left; color: #5e5c5c; font-family: \"Manrope\", Sans-serif; font-weight: 400; font-size: 18px;'>INFORMACI\u00d3N SOBRE LOS ENLACES (\u201cLINKS\u201d):\n<\/p><\/div>\n<\/div>\n\n\n\n<div class=\"wp-block-group is-layout-constrained\" style=\"padding-top:var(--wp--preset--spacing--40);padding-right:var(--wp--preset--spacing--40);padding-bottom:var(--wp--preset--spacing--40);padding-left:var(--wp--preset--spacing--40)\">\n<div class=\"intrace-animate intrace-move-up intrace-delay-5\"><p style='text-align:left; color: #5e5c5c; font-family: \"Manrope\", Sans-serif; font-weight: 200; font-size: 17px;'>La EMPRESA no ser\u00e1 responsable de las webs ajenas o de terceros a las que se pueda acceder mediante enlaces (\u201clinks\u201d), ni de ning\u00fan otro contenido puesto a disposici\u00f3n por terceros.<br><br>\nCualquier uso de un enlace o acceso a una web ajena se considera efectuado por voluntad y riesgo exclusivo del usuario, y la EMPRESA no recomienda ni garantiza ninguna informaci\u00f3n obtenida a trav\u00e9s de un enlace ajeno a la web https:\/\/alvforgroup.com, ni se responsabiliza de ning\u00fan perjuicio derivado del uso de un enlace o de la informaci\u00f3n obtenida a trav\u00e9s de \u00e9l, incluyendo otros enlaces o webs, ni de la interrupci\u00f3n en el servicio o en el acceso de dichos terceros enlaces.\n\n\n<\/p><\/div>\n<\/div>\n\n\n\n<div class=\"wp-block-group is-layout-constrained\" style=\"padding-top:var(--wp--preset--spacing--40);padding-right:var(--wp--preset--spacing--40);padding-bottom:var(--wp--preset--spacing--40);padding-left:var(--wp--preset--spacing--40)\">\n<div class=\"intrace-animate intrace-move-up intrace-delay-5\"><p style='text-align:left; color: #5e5c5c; font-family: \"Manrope\", Sans-serif; font-weight: 300; font-size: 18px;'>MODIFICACIONES DEL PORTAL WEB:\n<\/p><\/div>\n<\/div>\n\n\n\n<div class=\"wp-block-group is-layout-constrained\" style=\"padding-top:var(--wp--preset--spacing--40);padding-right:var(--wp--preset--spacing--40);padding-bottom:var(--wp--preset--spacing--40);padding-left:var(--wp--preset--spacing--40)\">\n<div class=\"intrace-animate intrace-move-up intrace-delay-5\"><p style='text-align:left; color: #5e5c5c; font-family: \"Manrope\", Sans-serif; font-weight: 200; font-size: 17px;'>La informaci\u00f3n y los servicios contenidos en el portal web pueden presentar incorrecciones o errores tipogr\u00e1ficos. La EMPRESA puede introducir en cualquier momento mejoras y\/o cambios en dicho contenido.\n<\/p><\/div>\n<\/div>\n\n\n\n<div class=\"wp-block-group is-layout-constrained\" style=\"padding-top:var(--wp--preset--spacing--40);padding-right:var(--wp--preset--spacing--40);padding-bottom:var(--wp--preset--spacing--40);padding-left:var(--wp--preset--spacing--40)\">\n<div class=\"intrace-animate intrace-move-up intrace-delay-5\"><p style='text-align:left; color: #5e5c5c; font-family: \"Manrope\", Sans-serif; font-weight: 300; font-size: 18px;'>EXENCI\u00d3N DE RESPONSABILIDAD DERIVADA DE FALLOS T\u00c9CNICOS Y DE CONTENIDO:\n<\/p><\/div>\n<\/div>\n\n\n\n<div class=\"wp-block-group is-layout-constrained\" style=\"padding-top:var(--wp--preset--spacing--40);padding-right:var(--wp--preset--spacing--40);padding-bottom:var(--wp--preset--spacing--40);padding-left:var(--wp--preset--spacing--40)\">\n<div class=\"intrace-animate intrace-move-up intrace-delay-5\"><p style='text-align:left; color: #5e5c5c; font-family: \"Manrope\", Sans-serif; font-weight: 200; font-size: 17px;'>La EMPRESA declina toda responsabilidad en caso de que se produzcan interrupciones o un mal funcionamiento de los servicios o contenidos ofrecidos en Internet, cualquiera que sea su causa.<br><br>\nAsimismo, la EMPRESA no ser\u00e1 responsable por ca\u00eddas de la red, suspensiones temporales del fluido el\u00e9ctrico o de cualquier otro tipo.<br><br>\nLa EMPRESA no garantiza que los servicios o contenidos no sean interrumpidos o que est\u00e9n libres de errores, que los defectos sean corregidos, o que el servicio o el servidor que lo pone a disposici\u00f3n est\u00e9n libres de virus u otros componentes nocivos, sin perjuicio de que la EMPRESA realiza los mayores esfuerzos para evitar cualquier contratiempo.\n\n<\/p><\/div>\n<\/div>\n\n\n\n<div class=\"wp-block-group is-layout-constrained\" style=\"padding-top:var(--wp--preset--spacing--40);padding-right:var(--wp--preset--spacing--40);padding-bottom:var(--wp--preset--spacing--40);padding-left:var(--wp--preset--spacing--40)\">\n<div class=\"intrace-animate intrace-move-up intrace-delay-5\"><p style='text-align:left; color: #5e5c5c; font-family: \"Manrope\", Sans-serif; font-weight: 300; font-size: 18px;'>POL\u00cdTICA DE PROPIEDAD INTELECTUAL E INDUSTRIAL\n<\/p><\/div>\n<\/div>\n\n\n\n<div class=\"wp-block-group is-layout-constrained\" style=\"padding-top:var(--wp--preset--spacing--40);padding-right:var(--wp--preset--spacing--40);padding-bottom:var(--wp--preset--spacing--40);padding-left:var(--wp--preset--spacing--40)\">\n<div class=\"intrace-animate intrace-move-up intrace-delay-5\"><p style='text-align:left; color: #5e5c5c; font-family: \"Manrope\", Sans-serif; font-weight: 200; font-size: 17px;'>El c\u00f3digo fuente, los dise\u00f1os gr\u00e1ficos, las im\u00e1genes, las fotograf\u00edas, el software, los textos, as\u00ed como la informaci\u00f3n y el resto de contenidos recogidos en https:\/\/alvforgroup.com est\u00e1n protegidos por la legislaci\u00f3n andorrana en materia de derechos de propiedad intelectual e industrial, y no se permite la reproducci\u00f3n total o parcial de esta web, ni su tratamiento inform\u00e1tico, comunicaci\u00f3n p\u00fablica, distribuci\u00f3n, difusi\u00f3n, modificaci\u00f3n, transformaci\u00f3n o descompilaci\u00f3n, sin el permiso previo y por escrito de su titular, de conformidad con lo dispuesto en la Ley de Propiedad Intelectual.<br><br>\nEl usuario \u00fanicamente podr\u00e1 utilizar el material que aparece en esta web para su uso personal y privado, quedando prohibida su utilizaci\u00f3n con fines comerciales o lucrativos.<br><br>\nExcepto autorizaci\u00f3n expresa de la EMPRESA, no se permite el enlace a \u201cp\u00e1ginas finales\u201d, el \u201cframe\u201d ni cualquier otra manipulaci\u00f3n similar. Los enlaces deben ser siempre a la p\u00e1gina principal o \u201chome page\u201d https:\/\/alvforgroup.com.<br><br>\nTodos los derechos derivados de la Propiedad Intelectual est\u00e1n expresamente reservados por ETNA SERVEIS SL.<br><br>\nLa EMPRESA velar\u00e1 por el cumplimiento de las anteriores estipulaciones y por la debida utilizaci\u00f3n de los contenidos presentes en su portal, ejerciendo todas las acciones civiles y penales que le asistan en caso de infracci\u00f3n o incumplimiento de estos derechos por parte del usuario.<br><br>\nCualquier incidencia, sugerencia o reclamaci\u00f3n respecto a derechos de propiedad intelectual deber\u00e1 remitirse a trav\u00e9s del correo electr\u00f3nico info@alvforgroup.com<br><br>\nLos signos distintivos (marcas, nombres comerciales) de la EMPRESA est\u00e1n igualmente protegidos por derechos de propiedad industrial, quedando prohibida la utilizaci\u00f3n o manipulaci\u00f3n de cualquiera de ellos, excepto autorizaci\u00f3n expresa y por escrito de la EMPRESA.\n\n\n<\/p><\/div>\n<\/div>\n\n\n\n<div class=\"wp-block-group is-layout-constrained\" style=\"padding-top:var(--wp--preset--spacing--40);padding-right:var(--wp--preset--spacing--40);padding-bottom:var(--wp--preset--spacing--40);padding-left:var(--wp--preset--spacing--40)\">\n<div class=\"intrace-animate intrace-move-up intrace-delay-5\"><p style='text-align:left; color: #5e5c5c; font-family: \"Manrope\", Sans-serif; font-weight: 400; font-size: 18px;'>II. POL\u00cdTICA DE PRIVACIDAD (PROTECCI\u00d3N DE DATOS DE CAR\u00c1CTER PERSONAL)\n<\/p><\/div>\n<\/div>\n\n\n\n<div class=\"wp-block-group is-layout-constrained\" style=\"padding-top:var(--wp--preset--spacing--40);padding-right:var(--wp--preset--spacing--40);padding-bottom:var(--wp--preset--spacing--40);padding-left:var(--wp--preset--spacing--40)\">\n<div class=\"intrace-animate intrace-move-up intrace-delay-5\"><p style='text-align:left; color: #5e5c5c; font-family: \"Manrope\", Sans-serif; font-weight: 200; font-size: 17px;'>\nEl acceso a la p\u00e1gina web o su uso no implica una recogida de datos personales del usuario por parte de la EMPRESA. No obstante, se comunica que, en caso de que la EMPRESA solicite datos personales, se informar\u00e1 debidamente al usuario conforme a la legislaci\u00f3n vigente en materia de Protecci\u00f3n de Datos y dem\u00e1s normativa aplicable.<br><br>\nLos datos personales que recoge la EMPRESA en los distintos formularios ser\u00e1n tratados con la finalidad de dar respuesta a la solicitud realizada por el interesado, as\u00ed como para el mantenimiento de la relaci\u00f3n que, en su caso, se establezca y la gesti\u00f3n, administraci\u00f3n, informaci\u00f3n, prestaci\u00f3n y mejora de los servicios que decida contratar.<br><br>\nDe conformidad con la Ley Cualificada 15\/2003 de Protecci\u00f3n de Datos Personales (LQPD) y el Reglamento de la Agencia Andorrana de Protecci\u00f3n de Datos (RAAPD) que desarrolla la LQPD, se informa que, mediante los datos personales facilitados a trav\u00e9s de los formularios de contacto, as\u00ed como su direcci\u00f3n de correo electr\u00f3nico, el interesado presta su consentimiento para que los datos de car\u00e1cter personal suministrados sean incorporados a un tratamiento titularidad de ALVFOR GROUP SL, con domicilio social en Av. La Font del Canyar n\u00famero 3 Edf. Els Esquiadors Bloc B, \u00e0tic 1,  juntament amb Llorts, parr\u00f2quia d&#8217;Ordino, Principat d&#8217;Andorra AD300, con el n\u00famero de Registro de Comercio L-721173-Z, siendo la encargada de la gesti\u00f3n y funcionamiento del sitio web mencionado.<br><br>\nLa EMPRESA ha tomado las medidas t\u00e9cnicas y organizativas necesarias para garantizar la seguridad de los datos y evitar su alteraci\u00f3n, p\u00e9rdida, tratamiento o acceso no autorizado, teniendo en cuenta el estado de la tecnolog\u00eda, la naturaleza de los datos almacenados y los riesgos a los que est\u00e1n expuestos, ya provengan de la acci\u00f3n humana o del medio f\u00edsico o natural.<br><br>\nSe informa que los datos pueden ser utilizados para el env\u00edo de comunicaciones profesionales, por cualquier medio, relativas a otros servicios de nuestra empresa que puedan ser de su inter\u00e9s.<br><br>\nNo obstante, podr\u00e1 en cualquier momento oponerse a este tipo de env\u00edos, enviando un correo electr\u00f3nico a la direcci\u00f3n info@we-camper.com, indicando en el asunto \u201cBAJA DE LA LISTA DE DISTRIBUCI\u00d3N\u201d.<br><br>\nAsimismo, podr\u00e1 ejercer sus derechos de acceso, rectificaci\u00f3n, cancelaci\u00f3n, oposici\u00f3n y, en su caso, portabilidad y limitaci\u00f3n, enviando un escrito a la siguiente direcci\u00f3n L-721173-Z, o bien un correo electr\u00f3nico a Info@alvforgroup.com, acompa\u00f1ado en ambos casos de una fotocopia de su DNI o documento acreditativo equivalente e indicando en el asunto \u201cPROTECCI\u00d3N DE DATOS\u201d.<br><br>\nEstos derechos tienen car\u00e1cter personal\u00edsimo, por lo que \u00fanicamente podr\u00e1n ser ejercidos por el propio interesado o su representante legal, previa acreditaci\u00f3n de su identidad, o, en su caso, de la suficiencia de la representaci\u00f3n.<br><br>\n\na) El derecho de acceso podr\u00e1 ejercerse con periodicidad anual, salvo inter\u00e9s leg\u00edtimo acreditado.\nLa EMPRESA proceder\u00e1 a notificar su decisi\u00f3n en el plazo de un mes. Si fuese afirmativa, el interesado podr\u00e1 acceder a la informaci\u00f3n referida en el plazo de los 10 d\u00edas siguientes a su notificaci\u00f3n.<br><br>\n\nb) El derecho de rectificaci\u00f3n y cancelaci\u00f3n podr\u00e1 ejercerse siempre que el interesado considere que los datos recogidos en nuestros tratamientos son inexactos, incompletos, inadecuados o excesivos. La EMPRESA proceder\u00e1 a la rectificaci\u00f3n o cancelaci\u00f3n dentro de los 10 d\u00edas siguientes a la recepci\u00f3n de la solicitud.<br><br>\n\nc) El derecho de portabilidad podr\u00e1 ejercerse siempre que el interesado considere que los datos recogidos en el presente tratamiento deben ser devueltos a su titular o a un tercero encargado de dicho tratamiento.<br><br>\n\nd) El derecho de limitaci\u00f3n podr\u00e1 ejercerse, previamente al derecho de oposici\u00f3n al tratamiento de sus datos, y mientras no se resuelva dicho derecho de oposici\u00f3n, limit\u00e1ndose el tratamiento de los datos.<br><br>\n\n<\/p><\/div>\n<\/div>\n\n\n\n<div class=\"wp-block-group is-layout-constrained\" style=\"padding-top:var(--wp--preset--spacing--40);padding-right:var(--wp--preset--spacing--40);padding-bottom:var(--wp--preset--spacing--40);padding-left:var(--wp--preset--spacing--40)\">\n<div class=\"intrace-animate intrace-move-up intrace-delay-5\"><p style='text-align:left; color: #5e5c5c; font-family: \"Manrope\", Sans-serif; font-weight: 400; font-size: 18px;'>Otros encargados del tratamiento:\n<\/p><\/div>\n<\/div>\n\n\n\n<div class=\"wp-block-group is-layout-constrained\" style=\"padding-top:var(--wp--preset--spacing--40);padding-right:var(--wp--preset--spacing--40);padding-bottom:var(--wp--preset--spacing--40);padding-left:var(--wp--preset--spacing--40)\">\n<div class=\"intrace-animate intrace-move-up intrace-delay-5\"><p style='text-align:left; color: #5e5c5c; font-family: \"Manrope\", Sans-serif; font-weight: 200; font-size: 17px;'>\nEn caso de que fuera necesario que terceros accedieran a este tratamiento de datos, se suscribir\u00e1 el correspondiente contrato conforme a lo estipulado en el art\u00edculo 28 del RGPDUE.<br><br>\nSe firmar\u00e1 dicho contrato en los t\u00e9rminos que marca el citado art\u00edculo, regul\u00e1ndose contractualmente el uso y la confidencialidad de los datos personales por el nuevo encargado del tratamiento.\n<\/p><\/div>\n<\/div>\n\n\n\n<div class=\"wp-block-group is-layout-constrained\" style=\"padding-top:var(--wp--preset--spacing--40);padding-right:var(--wp--preset--spacing--40);padding-bottom:var(--wp--preset--spacing--40);padding-left:var(--wp--preset--spacing--40)\">\n<div class=\"intrace-animate intrace-move-up intrace-delay-5\"><p style='text-align:left; color: #5e5c5c; font-family: \"Manrope\", Sans-serif; font-weight: 400; font-size: 18px;'>Cambio de normativa:\n<\/p><\/div>\n<\/div>\n\n\n\n<div class=\"wp-block-group is-layout-constrained\" style=\"padding-top:var(--wp--preset--spacing--40);padding-right:var(--wp--preset--spacing--40);padding-bottom:var(--wp--preset--spacing--40);padding-left:var(--wp--preset--spacing--40)\">\n<div class=\"intrace-animate intrace-move-up intrace-delay-5\"><p style='text-align:left; color: #5e5c5c; font-family: \"Manrope\", Sans-serif; font-weight: 200; font-size: 17px;'>\nLa EMPRESA se reserva el derecho de modificar la presente pol\u00edtica con el objeto de adaptarla a las novedades legislativas o jurisprudenciales, as\u00ed como a las directrices que pudieran derivarse de \u201cc\u00f3digos tipo\u201d existentes en la materia. Dichos cambios ser\u00e1n comunicados con la antelaci\u00f3n necesaria en nuestra p\u00e1gina web, sin perjuicio de reclamar el consentimiento necesario de los afectados cuando \u00e9ste no se considere otorgado conforme a los t\u00e9rminos de la presente pol\u00edtica.<br><br>\nCualquier duda, pregunta o comentario que pudiera tener con referencia a la presente normativa, no dude en consultarlos dirigiendo su comunicaci\u00f3n sobre este tema a: info@alvforgroup.com\n<\/p><\/div>\n<\/div>\n\n\n\n<div class=\"wp-block-group is-layout-constrained\" style=\"padding-top:var(--wp--preset--spacing--40);padding-right:var(--wp--preset--spacing--40);padding-bottom:var(--wp--preset--spacing--40);padding-left:var(--wp--preset--spacing--40)\">\n<div class=\"intrace-animate intrace-move-up intrace-delay-5\"><p style='text-align:left; color: #5e5c5c; font-family: \"Manrope\", Sans-serif; font-weight: 400; font-size: 18px;'>III. Pol\u00edtica de Cookies\n<\/p><\/div>\n<\/div>\n\n\n\n<div class=\"wp-block-group is-layout-constrained\" style=\"padding-top:var(--wp--preset--spacing--40);padding-right:var(--wp--preset--spacing--40);padding-bottom:var(--wp--preset--spacing--40);padding-left:var(--wp--preset--spacing--40)\">\n<div class=\"intrace-animate intrace-move-up intrace-delay-5\"><p style='text-align:left; color: #5e5c5c; font-family: \"Manrope\", Sans-serif; font-weight: 200; font-size: 17px;'>\nLas Cookies son archivos que se instalan en el sitio web del navegador del usuario durante su recorrido por sus p\u00e1ginas y sirven para almacenar informaci\u00f3n sobre su visita.<\/br><\/br>\nSe utilizan por las siguientes razones:<\/br><\/br>\nAsegurar que las p\u00e1ginas web puedan funcionar correctamente.<\/br><\/br>\nAlmacenar las preferencias, como el idioma o el tama\u00f1o de la letra.<\/br><\/br>\nConocer la experiencia de navegaci\u00f3n del usuario.<\/br><\/br>\nRecopilar informaci\u00f3n estad\u00edstica an\u00f3nima, como qu\u00e9 p\u00e1ginas ha visitado el usuario o cu\u00e1nto tiempo ha estado en el sitio web.<\/br><\/br>\nEl uso de las Cookies permite optimizar la navegaci\u00f3n, adaptando la informaci\u00f3n y los servicios ofrecidos a los intereses de los usuarios, para proporcionarle una mejor experiencia siempre que visite el sitio web.<\/br><\/br>\nTipolog\u00eda, finalidad y funcionamiento<\/br><\/br>\nLas Cookies, en funci\u00f3n de su permanencia, pueden dividirse en cookies de sesi\u00f3n o permanentes.<\/br><\/br>\nLas primeras expiran cuando el usuario cierra el navegador.<\/br><\/br>\nLas segundas expiran cuando se cumple el objetivo para el que sirven o bien cuando se borran manualmente.<\/br><\/br>\nEn funci\u00f3n de su objetivo, las Cookies tambi\u00e9n se clasifican de la siguiente forma:<\/br><\/br>\nT\u00e9cnicas: son aquellas imprescindibles para el correcto funcionamiento de la p\u00e1gina. Normalmente se generan cuando el usuario accede al sitio web o inicia sesi\u00f3n en el mismo y se utilizan para identificarlo en el sitio web con los siguientes objetivos:<\/br><\/br>\nMantener al usuario identificado de forma que, si abandona el sitio web y en otro momento vuelve a acceder al mismo, seguir\u00e1 identificado, facilitando as\u00ed su navegaci\u00f3n sin tener que volver a identificarse.<\/br><\/br>\nComprobar si el usuario est\u00e1 autorizado para acceder a ciertos servicios o zonas del sitio web.<\/br><\/br>\nDe rendimiento: se utilizan para mejorar la navegaci\u00f3n y optimizar el funcionamiento del sitio web.<\/br><\/br>\nDe publicidad: son aquellas que recogen informaci\u00f3n sobre los anuncios mostrados a los usuarios del sitio web. Pueden ser de dos tipos:<\/br><\/br>\n\nAn\u00f3nimas: solo recopilan informaci\u00f3n sobre los espacios publicitarios mostrados en el sitio web, con independencia del usuario que accede.<\/br><\/br>\nPersonalizadas: recopilan informaci\u00f3n personal del usuario del sitio web por parte de un tercero para la personalizaci\u00f3n de dichos espacios publicitarios.<\/br><\/br>\nDe geolocalizaci\u00f3n: se utilizan para averiguar en qu\u00e9 pa\u00eds o regi\u00f3n se encuentra el usuario cuando accede a un servicio del sitio web, con el fin de ofrecerle contenidos o servicios adecuados a su localizaci\u00f3n.<\/br><\/br>\nCookies utilizadas<\/br><\/br>\nLas cookies utilizadas en este sitio web son las siguientes, de conformidad con un criterio de \u201cnivel de intrusividad\u201d en una escala del 1 al 3:\nNivel 1: Cookies estrictamente necesarias para la prestaci\u00f3n del mismo servicio solicitado por el usuario. (Sesi\u00f3n PHP).<\/br><\/br>\nLa EMPRESA, en su dominio web, no utiliza ning\u00fan tipo de \u201ccookies\u201d para el tratamiento de datos personales que permitan la identificaci\u00f3n de personas f\u00edsicas concretas.<\/br><\/br>\nAcepto la Nota Legal\n<\/p><\/div>\n<\/div>\n","protected":false},"excerpt":{"rendered":"<p>POL\u00cdTICA DE PRIVACIDAD I. Aviso Legal La informaci\u00f3n que se muestra a continuaci\u00f3n recoge la normativa de tratamiento de los datos personales y protecci\u00f3n de la intimidad en el sector de las comunicaciones electr\u00f3nicas, que se pone en su conocimiento: El titular del sitio web https:\/\/alvforgroup.com es ALVFOR GROUP SL (en adelante, la EMPRESA), gestora y encargada del funcionamiento de los contenidos del presente portal web, domiciliada en Av. La Font del Canyar n\u00famero 3 Edf. Els Esquiadors Bloc B, \u00e0tic 1, juntament amb Llorts, parr\u00f2quia d&#8217;Ordino, Principat d&#8217;Andorra AD300, con n\u00famero de Registro de Comercio L-721173-Z. Contacto: la direcci\u00f3n<\/p>\n","protected":false},"author":1,"featured_media":0,"parent":0,"menu_order":0,"comment_status":"closed","ping_status":"open","template":"","meta":[],"_links":{"self":[{"href":"https:\/\/alvforgroup.com\/index.php\/wp-json\/wp\/v2\/pages\/3"}],"collection":[{"href":"https:\/\/alvforgroup.com\/index.php\/wp-json\/wp\/v2\/pages"}],"about":[{"href":"https:\/\/alvforgroup.com\/index.php\/wp-json\/wp\/v2\/types\/page"}],"author":[{"embeddable":true,"href":"https:\/\/alvforgroup.com\/index.php\/wp-json\/wp\/v2\/users\/1"}],"replies":[{"embeddable":true,"href":"https:\/\/alvforgroup.com\/index.php\/wp-json\/wp\/v2\/comments?post=3"}],"version-history":[{"count":37,"href":"https:\/\/alvforgroup.com\/index.php\/wp-json\/wp\/v2\/pages\/3\/revisions"}],"predecessor-version":[{"id":1694,"href":"https:\/\/alvforgroup.com\/index.php\/wp-json\/wp\/v2\/pages\/3\/revisions\/1694"}],"wp:attachment":[{"href":"https:\/\/alvforgroup.com\/index.php\/wp-json\/wp\/v2\/media?parent=3"}],"curies":[{"name":"wp","href":"https:\/\/api.w.org\/{rel}","templated":true}]}}