{"id":175,"date":"2023-05-25T22:30:43","date_gmt":"2023-05-25T22:30:43","guid":{"rendered":"https:\/\/alvforgroup.com\/?page_id=175"},"modified":"2025-11-01T18:05:52","modified_gmt":"2025-11-01T18:05:52","slug":"gusto-buen-vivir","status":"publish","type":"page","link":"https:\/\/alvforgroup.com\/index.php\/gusto-buen-vivir\/","title":{"rendered":"Gusto Buen Vivir"},"content":{"rendered":"\n<p><\/p>\n\n\n\n<div class=\"wp-block-group is-layout-constrained\"><h2 class=\"has-text-align-center wp-block-post-title\">Gusto Buen Vivir<\/h2>\n\n\n<p class=\"has-text-align-center\" style=\"margin-top:0;margin-right:0;margin-bottom:0;margin-left:0;padding-top:0;padding-right:0;padding-bottom:0;padding-left:0;font-size:29px\">GBV<\/p>\n<\/div>\n\n\n\n<div class=\"wp-block-group is-layout-constrained wp-container-2\" style=\"padding-top:var(--wp--preset--spacing--40);padding-right:var(--wp--preset--spacing--40);padding-bottom:var(--wp--preset--spacing--40);padding-left:var(--wp--preset--spacing--40)\">\n<div class=\"intrace-animate intrace-move-up intrace-delay-5\"><p style='text-align:left; color: #5e5c5c; font-family: \"Manrope\", Sans-serif; font-weight: 200; font-size: 17px;'>Gustobuenvivir y Xperiencias Gastron\u00f3micas, se han convertido en nuestra marca y plataforma para la creaci\u00f3n de estrategias efectivas, para la representaci\u00f3n, difusi\u00f3n y uso de ingredientes o productos  nacionales y extranjeros, altamente diferenciados a trav\u00e9s de la creaci\u00f3n de cursos, talleres, conferencias, catas, maridajes, cenas maridaje, eventos, festivales, para lograr una vinculaci\u00f3n efectiva entre productores y distribuidores con expertos del segmento como Chefs, Sommeliers y Mix\u00f3logos.\n<\/p><\/div>\n\n\n\n<div style=\"height:23px\" aria-hidden=\"true\" class=\"wp-block-spacer\"><\/div>\n\n\n\n<div class=\"intrace-animate intrace-move-up intrace-delay-5\"><p style='text-align:left; color: #5e5c5c; font-family: \"Manrope\", Sans-serif; font-weight: 200; font-size: 17px;'>El sitio <a href=\"https:\/\/gustobuenvivir.com\/\">www.gustobuenvivir.com<\/a> se cre\u00f3 en el 2012, para la difusi\u00f3n formal de la Gastronom\u00eda, Enolog\u00eda y Mixolog\u00eda, en donde fomentamos el conocimiento del ingrediente o producto que da origen a la Cocina al ser manipulado por especialistas como las Cocineras Tradicionales, Chefs, Sommeliers o Mix\u00f3logos, sitio donde plasmo mi pasi\u00f3n y grandes experiencias que he tenido la oportunidad de vivir, desde la realizaci\u00f3n de peque\u00f1os eventos, como catas, maridajes, Cenas Maridaje, Festivales Gastron\u00f3micos como el celebrado en la ciudad de Monterrey, NL, en el 2013, hasta llegar a conocer e interactuar con varios de los mejores Chefs, Sommeliers y Mix\u00f3logos de M\u00e9xico y del mundo, as\u00ed como la creaci\u00f3n, desarrollo y ejecuci\u00f3n de proyectos Gastron\u00f3micos, de relevancia nacional como \u2018Tributo y renacer del Ingrediente Maya\u2019,  de la mano de una de las pioneras en la investigaci\u00f3n, documentaci\u00f3n y promoci\u00f3n de la Cocina Mexicana, creando, la Chef Patricia Quintana, QEPD.\n<\/p><\/div>\n\n\n\n<div style=\"height:23px\" aria-hidden=\"true\" class=\"wp-block-spacer\"><\/div>\n\n\n\n<div class=\"intrace-animate intrace-move-up intrace-delay-5\"><p style='text-align:left; color: #5e5c5c; font-family: \"Manrope\", Sans-serif; font-weight: 200; font-size: 17px;'>Participaci\u00f3n en eventos gastron\u00f3micos de gran relevancia, como embajador del Sureste, en el marco de Madrid Fusi\u00f3n M\u00e9xico, Food &#038; Wine Festival, en su primera edici\u00f3n en Canc\u00fan y miembro activo del Comit\u00e9 de Fomento de la Gastronom\u00eda, del Estado de Quintana Roo, por parte de la Secretar\u00eda de Turismo del Estado.\n<\/p><\/div>\n\n\n\n<div style=\"height:31px\" aria-hidden=\"true\" class=\"wp-block-spacer\"><\/div>\n\n\n\n<div class=\"intrace-animate intrace-move-up intrace-delay-5\"><p style='text-align:center; color: #1e3867; font-family: \"Manrope\", Sans-serif; font-weight: 200; font-size: 17px;'>\u201cInspiramos la gastronom\u00eda, enolog\u00eda y mixolog\u00eda, como motor de identidad y puente entre culturas.\u201d\n<\/p><\/div>\n<\/div>\n","protected":false},"excerpt":{"rendered":"<p>GBV Gustobuenvivir y Xperiencias Gastron\u00f3micas, se han convertido en nuestra marca y plataforma para la creaci\u00f3n de estrategias efectivas, para la representaci\u00f3n, difusi\u00f3n y uso de ingredientes o productos nacionales y extranjeros, altamente diferenciados a trav\u00e9s de la creaci\u00f3n de cursos, talleres, conferencias, catas, maridajes, cenas maridaje, eventos, festivales, para lograr una vinculaci\u00f3n efectiva entre productores y distribuidores con expertos del segmento como Chefs, Sommeliers y Mix\u00f3logos. El sitio www.gustobuenvivir.com se cre\u00f3 en el 2012, para la difusi\u00f3n formal de la Gastronom\u00eda, Enolog\u00eda y Mixolog\u00eda, en donde fomentamos el conocimiento del ingrediente o producto que da origen a la Cocina<\/p>\n","protected":false},"author":1,"featured_media":0,"parent":0,"menu_order":0,"comment_status":"closed","ping_status":"closed","template":"","meta":[],"_links":{"self":[{"href":"https:\/\/alvforgroup.com\/index.php\/wp-json\/wp\/v2\/pages\/175"}],"collection":[{"href":"https:\/\/alvforgroup.com\/index.php\/wp-json\/wp\/v2\/pages"}],"about":[{"href":"https:\/\/alvforgroup.com\/index.php\/wp-json\/wp\/v2\/types\/page"}],"author":[{"embeddable":true,"href":"https:\/\/alvforgroup.com\/index.php\/wp-json\/wp\/v2\/users\/1"}],"replies":[{"embeddable":true,"href":"https:\/\/alvforgroup.com\/index.php\/wp-json\/wp\/v2\/comments?post=175"}],"version-history":[{"count":19,"href":"https:\/\/alvforgroup.com\/index.php\/wp-json\/wp\/v2\/pages\/175\/revisions"}],"predecessor-version":[{"id":1479,"href":"https:\/\/alvforgroup.com\/index.php\/wp-json\/wp\/v2\/pages\/175\/revisions\/1479"}],"wp:attachment":[{"href":"https:\/\/alvforgroup.com\/index.php\/wp-json\/wp\/v2\/media?parent=175"}],"curies":[{"name":"wp","href":"https:\/\/api.w.org\/{rel}","templated":true}]}}