{"id":159,"date":"2023-05-25T22:09:26","date_gmt":"2023-05-25T22:09:26","guid":{"rendered":"https:\/\/alvforgroup.com\/?page_id=159"},"modified":"2025-11-01T18:13:36","modified_gmt":"2025-11-01T18:13:36","slug":"gourmet-best-value","status":"publish","type":"page","link":"https:\/\/alvforgroup.com\/index.php\/gourmet-best-value\/","title":{"rendered":"Gourmet Best Value"},"content":{"rendered":"\n<div class=\"wp-block-group is-layout-constrained\"><h2 class=\"has-text-align-center wp-block-post-title\">Gourmet Best Value<\/h2>\n\n\n<p style='text-align:center; color: #1a72a8; font-family: \"Manrope\", Sans-serif; font-weight: 300; font-size: 18px;'><strong>Exportar = Experiencia + Estrategia + Control + Rentabilidad.<\/strong>\n<\/p>\n<\/div>\n\n\n\n<div class=\"wp-block-group is-layout-constrained wp-container-2\" style=\"padding-top:var(--wp--preset--spacing--40);padding-right:var(--wp--preset--spacing--40);padding-bottom:var(--wp--preset--spacing--40);padding-left:var(--wp--preset--spacing--40)\">\n<div class=\"intrace-animate intrace-move-up intrace-delay-5\"><p style='text-align:left; color: #5e5c5c; font-family: \"Manrope\", Sans-serif; font-weight: 200; font-size: 17px;'>Gourmets Best Value es una divisi\u00f3n de Alvfor Group S.L., que opera desde Andorra para ofrecer una visi\u00f3n verdaderamente global del comercio internacional.\nNuestro objetivo es profesionalizar la exportaci\u00f3n de productos gourmet, vinos, destilados y alimentos premium, conectando a productores y exportadores de M\u00e9xico, Estados Unidos y Europa con los principales mercados del mundo.\n<\/p><\/div>\n<\/div>\n\n\n\n<div class=\"wp-block-group is-layout-constrained wp-container-3\" style=\"padding-top:var(--wp--preset--spacing--40);padding-right:var(--wp--preset--spacing--40);padding-bottom:var(--wp--preset--spacing--40);padding-left:var(--wp--preset--spacing--40)\">\n<div class=\"intrace-animate intrace-move-up intrace-delay-5\"><p style='text-align:left; color: #5e5c5c; font-family: \"Manrope\", Sans-serif; font-weight: 200; font-size: 17px;'>El modelo elimina la dependencia de importadores exclusivos y permite al exportador mantener la propiedad, el control y la rentabilidad de su producto, con total transparencia y trazabilidad en cada operaci\u00f3n.\n<\/p><\/div>\n<\/div>\n\n\n\n<div class=\"wp-block-group is-layout-constrained wp-container-4\" style=\"padding-top:var(--wp--preset--spacing--40);padding-right:var(--wp--preset--spacing--40);padding-bottom:var(--wp--preset--spacing--40);padding-left:var(--wp--preset--spacing--40)\">\n<div class=\"intrace-animate intrace-move-up intrace-delay-5\"><p style='text-align:left; color: #5e5c5c; font-family: \"Manrope\", Sans-serif; font-weight: 200; font-size: 17px;'>Con m\u00e1s de 30 a\u00f1os de experiencia en comercio exterior, integramos una red internacional de especialistas en aduanas, log\u00edstica, estrategia comercial, marketing y distribuci\u00f3n, acompa\u00f1ando a cada exportador desde la planeaci\u00f3n hasta la venta final.\n<\/p><\/div>\n\n\n\n<div style=\"height:34px\" aria-hidden=\"true\" class=\"wp-block-spacer\"><\/div>\n\n\n\n<blockquote class=\"wp-block-quote intrace-animate intrace-move-up intrace-delay-5\">\n<div class=\"intrace-animate intrace-move-up intrace-delay-5\"><p style='text-align:left; color: #1a72a8; font-family: \"Manrope\", Sans-serif; font-weight: 200; font-size: 18px;'>Hacemos del exportador el verdadero protagonista del comercio internacional.\n<\/p><\/div>\n<\/blockquote>\n<\/div>\n\n\n\n<div style=\"height:20px\" aria-hidden=\"true\" class=\"wp-block-spacer\"><\/div>\n\n\n\n<div class=\"wp-block-cover aligncenter intrace-animate intrace-move-up intrace-delay-5\"><span aria-hidden=\"true\" class=\"wp-block-cover__background has-background-dim\"><\/span><img decoding=\"async\" width=\"1536\" height=\"1024\" class=\"wp-block-cover__image-background wp-image-768\" alt=\"\" src=\"https:\/\/alvforgroup.com\/wp-content\/uploads\/2025\/10\/Banner-alv-group.jpeg\" data-object-fit=\"cover\" srcset=\"https:\/\/alvforgroup.com\/wp-content\/uploads\/2025\/10\/Banner-alv-group.jpeg 1536w, https:\/\/alvforgroup.com\/wp-content\/uploads\/2025\/10\/Banner-alv-group-300x200.jpeg 300w, https:\/\/alvforgroup.com\/wp-content\/uploads\/2025\/10\/Banner-alv-group-1024x683.jpeg 1024w, https:\/\/alvforgroup.com\/wp-content\/uploads\/2025\/10\/Banner-alv-group-768x512.jpeg 768w\" sizes=\"(max-width: 1536px) 100vw, 1536px\" \/><div class=\"wp-block-cover__inner-container\">\n<p class=\"has-text-align-center intrace-animate intrace-move-up intrace-delay-5 has-extra-large-font-size\" style=\"margin-top:0;margin-right:0;margin-bottom:0;margin-left:0;font-style:normal;font-weight:900\"><strong>VENTAJAS DEL MODELO GBV <\/strong><\/p>\n<\/div><\/div>\n\n\n\n<div style=\"height:20px\" aria-hidden=\"true\" class=\"wp-block-spacer\"><\/div>\n\n\n\n<div class=\"wp-block-group is-layout-constrained wp-container-5\" style=\"padding-top:var(--wp--preset--spacing--40);padding-right:var(--wp--preset--spacing--40);padding-bottom:var(--wp--preset--spacing--40);padding-left:var(--wp--preset--spacing--40)\">\n<div class=\"intrace-animate intrace-move-up intrace-delay-5\"><p style='text-align:left; color: #5e5c5c; font-family: \"Manrope\", Sans-serif; font-weight: 200; font-size: 17px;'><strong style=\"color: #1a72a8; Sans-serif; font-weight: 400;\">Visi\u00f3n global:<\/strong> operar desde Andorra nos permite conectar mercados y oportunidades con una perspectiva internacional.\n<\/p><\/div><br>\n<div class=\"intrace-animate intrace-move-up intrace-delay-5\"><p style='text-align:left; color: #5e5c5c; font-family: \"Manrope\", Sans-serif; font-weight: 200; font-size: 17px;'><strong style=\"color: #1a72a8; Sans-serif; font-weight: 400;\">Experiencia Comprobada:<\/strong> Tres d\u00e9cadas de trayectoria en comercio exterior y productos gourmet.\n<\/p><\/div><br>\n<div class=\"intrace-animate intrace-move-up intrace-delay-5\"><p style='text-align:left; color: #5e5c5c; font-family: \"Manrope\", Sans-serif; font-weight: 200; font-size: 17px;'><strong style=\"color: #1a72a8; Sans-serif; font-weight: 400;\">Estrategia Integral:<\/strong> planificaci\u00f3n completa desde el origen hasta el cliente final.\n<\/p><\/div><br>\n<div class=\"intrace-animate intrace-move-up intrace-delay-5\"><p style='text-align:left; color: #5e5c5c; font-family: \"Manrope\", Sans-serif; font-weight: 200; font-size: 17px;'><strong style=\"color: #1a72a8; Sans-serif; font-weight: 400;\">Control Total:<\/strong> El exportador conserva propiedad, precios y clientes.\n<\/p><\/div><br>\n<div class=\"intrace-animate intrace-move-up intrace-delay-5\"><p style='text-align:left; color: #5e5c5c; font-family: \"Manrope\", Sans-serif; font-weight: 200; font-size: 17px;'><strong style=\"color: #1a72a8; Sans-serif; font-weight: 400;\">Escalabilidad:<\/strong> Desde env\u00edos piloto hasta operaciones regulares en contenedores completos.\n<\/p><\/div>\n<\/div>\n\n\n\n<div style=\"height:18px\" aria-hidden=\"true\" class=\"wp-block-spacer\"><\/div>\n\n\n\n<div class=\"intrace-animate intrace-move-up intrace-delay-5\"><p style='text-align:center; color: #1e3867; font-family: \"Manrope\", Sans-serif; font-weight: 200; font-size: 17px;'>\u201cGourmet Best Value convierte la experiencia en expansi\u00f3n y la estrategia en resultados.\u201d\n<\/p><\/div>\n\n","protected":false},"excerpt":{"rendered":"<p>Exportar = Experiencia + Estrategia + Control + Rentabilidad. Gourmets Best Value es una divisi\u00f3n de Alvfor Group S.L., que opera desde Andorra para ofrecer una visi\u00f3n verdaderamente global del comercio internacional. Nuestro objetivo es profesionalizar la exportaci\u00f3n de productos gourmet, vinos, destilados y alimentos premium, conectando a productores y exportadores de M\u00e9xico, Estados Unidos y Europa con los principales mercados del mundo. El modelo elimina la dependencia de importadores exclusivos y permite al exportador mantener la propiedad, el control y la rentabilidad de su producto, con total transparencia y trazabilidad en cada operaci\u00f3n. Con m\u00e1s de 30 a\u00f1os de<\/p>\n","protected":false},"author":1,"featured_media":0,"parent":0,"menu_order":0,"comment_status":"closed","ping_status":"closed","template":"","meta":[],"_links":{"self":[{"href":"https:\/\/alvforgroup.com\/index.php\/wp-json\/wp\/v2\/pages\/159"}],"collection":[{"href":"https:\/\/alvforgroup.com\/index.php\/wp-json\/wp\/v2\/pages"}],"about":[{"href":"https:\/\/alvforgroup.com\/index.php\/wp-json\/wp\/v2\/types\/page"}],"author":[{"embeddable":true,"href":"https:\/\/alvforgroup.com\/index.php\/wp-json\/wp\/v2\/users\/1"}],"replies":[{"embeddable":true,"href":"https:\/\/alvforgroup.com\/index.php\/wp-json\/wp\/v2\/comments?post=159"}],"version-history":[{"count":102,"href":"https:\/\/alvforgroup.com\/index.php\/wp-json\/wp\/v2\/pages\/159\/revisions"}],"predecessor-version":[{"id":1531,"href":"https:\/\/alvforgroup.com\/index.php\/wp-json\/wp\/v2\/pages\/159\/revisions\/1531"}],"wp:attachment":[{"href":"https:\/\/alvforgroup.com\/index.php\/wp-json\/wp\/v2\/media?parent=159"}],"curies":[{"name":"wp","href":"https:\/\/api.w.org\/{rel}","templated":true}]}}