{"id":1488,"date":"2025-11-01T17:37:34","date_gmt":"2025-11-01T17:37:34","guid":{"rendered":"https:\/\/alvforgroup.com\/?page_id=1488"},"modified":"2025-11-01T18:14:38","modified_gmt":"2025-11-01T18:14:38","slug":"trayectoria-internacional","status":"publish","type":"page","link":"https:\/\/alvforgroup.com\/index.php\/trayectoria-internacional\/","title":{"rendered":"Trayectoria Internacional"},"content":{"rendered":"\n<h2 class=\"wp-block-heading has-text-align-center\">\ud83c\udf10 TRAYECTORIA &amp; EXPERIENCIA INTERNACIONAL<\/h2>\n\n\n\n<div style=\"height:20px\" aria-hidden=\"true\" class=\"wp-block-spacer\"><\/div>\n\n\n\n<div class=\"wp-block-group is-layout-constrained\" style=\"padding-top:var(--wp--preset--spacing--40);padding-right:var(--wp--preset--spacing--40);padding-bottom:var(--wp--preset--spacing--40);padding-left:var(--wp--preset--spacing--40)\">\n<div class=\"intrace-animate intrace-move-up intrace-delay-5\"><p style='text-align:left; color: #5e5c5c; font-family: \"Manrope\", Sans-serif; font-weight: 200; font-size: 17px;'>Desde 1992, Jos\u00e9 Mar\u00eda Alva Lefaure ha construido una trayectoria profesional que une visi\u00f3n, estrategia y experiencia real de campo.\n<\/p><\/div>\n<\/div>\n\n\n\n<div class=\"wp-block-group is-layout-constrained\" style=\"padding-top:var(--wp--preset--spacing--40);padding-right:var(--wp--preset--spacing--40);padding-bottom:var(--wp--preset--spacing--40);padding-left:var(--wp--preset--spacing--40)\">\n<div class=\"intrace-animate intrace-move-up intrace-delay-5\"><p style='text-align:left; color: #5e5c5c; font-family: \"Manrope\", Sans-serif; font-weight: 200; font-size: 17px;'>Su carrera inici\u00f3 con la fundaci\u00f3n de Grupo Alvfor, empresa pionera en M\u00e9xico en el dise\u00f1o y operaci\u00f3n del primer sistema log\u00edstico para productos perecederos y distribuci\u00f3n controlada, estableciendo alianzas con Price Club (hoy Price Costco) y Sam\u2019s Club, lo que transform\u00f3 la cadena de suministro de alimentos refrigerados y congelados en el pa\u00eds.\n<\/p><\/div>\n\n\n\n<div class=\"intrace-animate intrace-move-up intrace-delay-5\"><p style='text-align:left; color: #5e5c5c; font-family: \"Manrope\", Sans-serif; font-weight: 200; font-size: 17px;'>Posteriormente, particip\u00f3 en el desarrollo y posicionamiento de marcas internacionales a trav\u00e9s de Comalca Gourmet y su participaci\u00f3n en Mexideli, fortaleciendo la presencia en M\u00e9xico de productos premium provenientes de Europa, Estados Unidos y Latinoam\u00e9rica.\n<\/p><\/div>\n\n\n\n<div class=\"intrace-animate intrace-move-up intrace-delay-5\"><p style='text-align:left; color: #5e5c5c; font-family: \"Manrope\", Sans-serif; font-weight: 200; font-size: 17px;'>Durante m\u00e1s de tres d\u00e9cadas, ha liderado procesos de importaci\u00f3n, distribuci\u00f3n, posicionamiento y expansi\u00f3n comercial de marcas que hoy son referentes en el sector gourmet, aportando an\u00e1lisis, estructura log\u00edstica, control de calidad y visi\u00f3n estrat\u00e9gica global.\n<\/p><\/div>\n\n\n\n<div class=\"intrace-animate intrace-move-up intrace-delay-5\"><p style='text-align:left; color: #5e5c5c; font-family: \"Manrope\", Sans-serif; font-weight: 200; font-size: 17px;'>\ud83c\uddea\ud83c\uddfa Marcas Europeas<br><br>\n\nAljomar \u00b7 Martiko \u00b7 Nico \u00b7 Reny Picot \u00b7 FAR \u00b7 El Hidalgo \u00b7 Consorcio de Quesos \u00b7 Bel \u00b7 Ermitage \u00b7 Fromi \u00b7 Guilloteau \u00b7 Rougi\u00e9 \u00b7 Bridor \u00b7 Paysan Breton \u00b7 Auricchio \u00b7 Beretta \u00b7 Bonta Divina \u00b7 Campania Felix \u00b7 Latteria \u00b7 Zanetti \u00b7 Giovanni Rana \u00b7 Cambozola \u00b7 K\u00e4serei Champignon \u00b7 Emmi \u00b7 Gerber \u00b7 Tigre \u00b7 Mammen Cheese \u00b7 Old Amsterdam \u00b7 Somerdale \u00b7 Bongrain (Savencia) \u00b7 Pr\u00e9sident (Lactalis Group).\n\n<\/p><\/div>\n\n\n\n<div class=\"intrace-animate intrace-move-up intrace-delay-5\"><p style='text-align:left; color: #5e5c5c; font-family: \"Manrope\", Sans-serif; font-weight: 200; font-size: 17px;'>\ud83c\uddfa\ud83c\uddf8 Marcas Estados Unidos<br><br>\n\nBelGioioso \u00b7 Beretta USA \u00b7 California Churros \u00b7 Florida\u2019s Natural \u00b7 Pauly \u00b7 Odyssey \u00b7 Hillshire Farm \u00b7 Simplot \u00b7 Heinz \u00b7 John Donaire \u00b7 McCain \u00b7 Sargento.\n\n<\/p><\/div>\n\n\n\n<div class=\"intrace-animate intrace-move-up intrace-delay-5\"><p style='text-align:left; color: #5e5c5c; font-family: \"Manrope\", Sans-serif; font-weight: 200; font-size: 17px;'>\ud83c\uddf2\ud83c\uddfd Marcas M\u00e9xico<br><br>\n\nProductos Rich \u00b7 Huevo San Juan \u00b7 Baby Lamb \u00b7 Bafar \u00b7 American Beef \u00b7 D\u2019Orno.\n\n<\/p><\/div>\n\n\n\n<div class=\"intrace-animate intrace-move-up intrace-delay-5\"><p style='text-align:left; color: #5e5c5c; font-family: \"Manrope\", Sans-serif; font-weight: 200; font-size: 17px;'>\ud83c\udf0d Resumen estrat\u00e9gico<br><br>\n\nDurante su trayectoria, Jos\u00e9 Mar\u00eda Alva Lefaure ha integrado en su modelo de negocio una visi\u00f3n que combina an\u00e1lisis de mercado, control log\u00edstico y desarrollo de marca, entendiendo las variables clave de \u00e9xito en productos de alto valor agregado:\nm\u00e1rgenes, rotaci\u00f3n, h\u00e1bitos de consumo, segmentaci\u00f3n, trazabilidad y rentabilidad.<br><br>\n\nSu participaci\u00f3n fue determinante para que m\u00faltiples marcas lograran consolidarse en cadenas nacionales e internacionales, en los  segmentos de retail y foodservice.\n\n<\/p><\/div>\n\n\n\n<div class=\"intrace-animate intrace-move-up intrace-delay-5\"><p style='text-align:left; color: #5e5c5c; font-family: \"Manrope\", Sans-serif; font-weight: 200; font-size: 17px;'>\ud83e\udde0 Filosof\u00eda Alvfor Group<br><br>\n\nEsa combinaci\u00f3n de experiencia pr\u00e1ctica, visi\u00f3n estrat\u00e9gica y conocimiento t\u00e9cnico dio origen a la filosof\u00eda de Alvfor Group:\nconvertir la expansi\u00f3n internacional en un proceso controlado, medible y rentable, basado en datos, an\u00e1lisis y resultados comprobados.\n\n<\/p><\/div>\n\n\n\n<div style=\"height:30px\" aria-hidden=\"true\" class=\"wp-block-spacer\"><\/div>\n\n\n\n<div class=\"intrace-animate intrace-move-up intrace-delay-5\"><p style='text-align:center; color: #1e3867; font-family: \"Manrope\", Sans-serif; font-weight: 200; font-size: 17px;'>\u201cLa experiencia no se improvisa; se demuestra con hechos, resultados y visi\u00f3n a largo plazo.\u201d\n<\/p><\/div>\n<\/div>\n","protected":false},"excerpt":{"rendered":"<p>\ud83c\udf10 TRAYECTORIA &amp; EXPERIENCIA INTERNACIONAL Desde 1992, Jos\u00e9 Mar\u00eda Alva Lefaure ha construido una trayectoria profesional que une visi\u00f3n, estrategia y experiencia real de campo. Su carrera inici\u00f3 con la fundaci\u00f3n de Grupo Alvfor, empresa pionera en M\u00e9xico en el dise\u00f1o y operaci\u00f3n del primer sistema log\u00edstico para productos perecederos y distribuci\u00f3n controlada, estableciendo alianzas con Price Club (hoy Price Costco) y Sam\u2019s Club, lo que transform\u00f3 la cadena de suministro de alimentos refrigerados y congelados en el pa\u00eds. Posteriormente, particip\u00f3 en el desarrollo y posicionamiento de marcas internacionales a trav\u00e9s de Comalca Gourmet y su participaci\u00f3n en Mexideli, fortaleciendo<\/p>\n","protected":false},"author":1,"featured_media":0,"parent":0,"menu_order":0,"comment_status":"closed","ping_status":"closed","template":"","meta":[],"_links":{"self":[{"href":"https:\/\/alvforgroup.com\/index.php\/wp-json\/wp\/v2\/pages\/1488"}],"collection":[{"href":"https:\/\/alvforgroup.com\/index.php\/wp-json\/wp\/v2\/pages"}],"about":[{"href":"https:\/\/alvforgroup.com\/index.php\/wp-json\/wp\/v2\/types\/page"}],"author":[{"embeddable":true,"href":"https:\/\/alvforgroup.com\/index.php\/wp-json\/wp\/v2\/users\/1"}],"replies":[{"embeddable":true,"href":"https:\/\/alvforgroup.com\/index.php\/wp-json\/wp\/v2\/comments?post=1488"}],"version-history":[{"count":15,"href":"https:\/\/alvforgroup.com\/index.php\/wp-json\/wp\/v2\/pages\/1488\/revisions"}],"predecessor-version":[{"id":1513,"href":"https:\/\/alvforgroup.com\/index.php\/wp-json\/wp\/v2\/pages\/1488\/revisions\/1513"}],"wp:attachment":[{"href":"https:\/\/alvforgroup.com\/index.php\/wp-json\/wp\/v2\/media?parent=1488"}],"curies":[{"name":"wp","href":"https:\/\/api.w.org\/{rel}","templated":true}]}}