{"id":1304,"date":"2025-10-31T21:37:57","date_gmt":"2025-10-31T21:37:57","guid":{"rendered":"https:\/\/alvforgroup.com\/?page_id=1304"},"modified":"2025-11-03T17:11:15","modified_gmt":"2025-11-03T17:11:15","slug":"alvfor-usa-llc","status":"publish","type":"page","link":"https:\/\/alvforgroup.com\/index.php\/alvfor-usa-llc\/","title":{"rendered":"ALVFOR USA LLC"},"content":{"rendered":"\n<h2 class=\"wp-block-heading has-text-align-center\">ALVFOR LLC<\/h2>\n\n\n\n<p style='text-align:center; color: #1e3867; font-size: 20px;'><strong>\nDistribuci\u00f3n, Cumplimiento Federal y Comercializaci\u00f3n de Productos Premium en Estados Unidos<\/p><\/strong>\n\n\n\n<div style=\"height:15px\" aria-hidden=\"true\" class=\"wp-block-spacer\"><\/div>\n\n\n\n<div class=\"wp-block-group is-layout-constrained wp-container-1\" style=\"padding-top:var(--wp--preset--spacing--40);padding-right:var(--wp--preset--spacing--40);padding-bottom:var(--wp--preset--spacing--40);padding-left:var(--wp--preset--spacing--40)\">\n<div class=\"intrace-animate intrace-move-up intrace-delay-5\"><p style='text-align:left; color: #5e5c5c; font-family: \"Manrope\", Sans-serif; font-weight: 300; font-size: 17px;'>Alvfor LLC, con sede en Houston, Texas, es una empresa especializada en la distribuci\u00f3n y comercializaci\u00f3n de vinos, destilados, licores, tabaco y productos gourmet, operando bajo los m\u00e1s altos est\u00e1ndares regulatorios y de calidad.<br><br>\nCuenta con licencias federales emitidas por la TTB (Alcohol and Tobacco Tax and Trade Bureau) y la ATF (Bureau of Alcohol, Tobacco, Firearms and Explosives), que le permiten gestionar legalmente la distribuci\u00f3n de productos regulados en todo el territorio de los Estados Unidos.\n<\/p><\/div>\n<\/div>\n\n\n\n<div class=\"wp-block-group is-layout-constrained wp-container-2\" style=\"padding-top:var(--wp--preset--spacing--40);padding-right:var(--wp--preset--spacing--40);padding-bottom:var(--wp--preset--spacing--40);padding-left:var(--wp--preset--spacing--40)\">\n<div class=\"intrace-animate intrace-move-up intrace-delay-5\"><p style='text-align:left; color: #5e5c5c; font-family: \"Manrope\", Sans-serif; font-weight: 300; font-size: 17px;'>De acuerdo con la legislaci\u00f3n federal vigente, Alvfor LLC, no realiza la importaci\u00f3n directa de bebidas alcoh\u00f3licas, pero s\u00ed est\u00e1 autorizada y registrada para su distribuci\u00f3n y comercializaci\u00f3n, representando marcas y productores internacionales con total cumplimiento normativo.<br><br>\n\nFundada y dirigida por Alejandro Babatz \u00c1lvarez Loyo (CEO), empresario con una trayectoria consolidada en log\u00edstica y comercio internacional, Alvfor LLC, se distingue por su capacidad de conectar productos premium con distribuidores y puntos de venta especializados, operando bajo los principios de legalidad, trazabilidad y excelencia operativa.\n<\/p><\/div>\n<\/div>\n\n\n\n<div class=\"wp-block-group intrace-animate intrace-move-up intrace-delay-5 is-layout-flow wp-container-3\" style=\"padding-top:var(--wp--preset--spacing--40);padding-right:var(--wp--preset--spacing--40);padding-bottom:var(--wp--preset--spacing--40);padding-left:var(--wp--preset--spacing--40)\">\n<div class=\"intrace-animate intrace-move-up intrace-delay-5\"><p style='text-align:center; color: #1e3867; font-family: \"Manrope\", Sans-serif; font-weight: 200; font-size: 17px;'>\u201cCompliance is our language. Excellence is our goal.\u201d\n<\/p><\/div>\n<\/div>\n\n\n\n<div class=\"wp-block-group is-layout-constrained wp-container-4\" style=\"padding-top:var(--wp--preset--spacing--40);padding-right:var(--wp--preset--spacing--40);padding-bottom:var(--wp--preset--spacing--40);padding-left:var(--wp--preset--spacing--40)\">\n<div class=\"intrace-animate intrace-move-up intrace-delay-5\"><p style='text-align:center; color: #1e3867; font-size: 20px;'>\nDistribuci\u00f3n nacional de vinos, destilados y licores<\/p><\/div>\n<\/div>\n\n\n\n<div class=\"wp-block-group is-layout-constrained wp-container-6\" style=\"padding-top:var(--wp--preset--spacing--40);padding-right:var(--wp--preset--spacing--40);padding-bottom:var(--wp--preset--spacing--40);padding-left:var(--wp--preset--spacing--40)\">\n<div class=\"wp-block-group is-layout-constrained wp-container-5\" style=\"padding-top:var(--wp--preset--spacing--40);padding-right:var(--wp--preset--spacing--40);padding-bottom:var(--wp--preset--spacing--40);padding-left:var(--wp--preset--spacing--40)\">\n<div class=\"intrace-animate intrace-move-up intrace-delay-5\"><p style='text-align:left; color: #5e5c5c; font-family: \"Manrope\", Sans-serif; font-weight: 300; font-size: 17px;'>Gesti\u00f3n comercial y distribuci\u00f3n autorizada de bebidas alcoh\u00f3licas dentro del territorio de los Estados Unidos, bajo los lineamientos establecidos por la TABC, TTB y la ATF.\nLa empresa act\u00faa como distribuidor autorizado, representando marcas internacionales y asegurando una distribuci\u00f3n controlada, transparente y eficiente.\n<\/p><\/div>\n<\/div>\n<\/div>\n\n\n\n<div class=\"wp-block-group is-layout-constrained wp-container-7\" style=\"padding-top:var(--wp--preset--spacing--40);padding-right:var(--wp--preset--spacing--40);padding-bottom:var(--wp--preset--spacing--40);padding-left:var(--wp--preset--spacing--40)\">\n<div class=\"intrace-animate intrace-move-up intrace-delay-5\"><p style='text-align:center; color: #1e3867; font-size: 20px;'>\nComercializaci\u00f3n de tabaco y productos gourmet<\/p><\/div>\n<\/div>\n\n\n\n<div class=\"wp-block-group is-layout-constrained wp-container-8\" style=\"padding-top:var(--wp--preset--spacing--40);padding-right:var(--wp--preset--spacing--40);padding-bottom:var(--wp--preset--spacing--40);padding-left:var(--wp--preset--spacing--40)\">\n<div class=\"intrace-animate intrace-move-up intrace-delay-5\"><p style='text-align:left; color: #5e5c5c; font-family: \"Manrope\", Sans-serif; font-weight: 300; font-size: 17px;'>Adem\u00e1s de su experiencia en el segmento de bebidas, Alvfor LLC, est\u00e1 licenciada para la distribuci\u00f3n de tabaco y comercializaci\u00f3n de productos gourmet, ampliando su portafolio con categor\u00edas complementarias que fortalecen la presencia de las marcas en el mercado estadounidense.\n<\/p><\/div>\n<\/div>\n\n\n\n<div class=\"wp-block-group is-layout-constrained wp-container-9\" style=\"padding-top:var(--wp--preset--spacing--40);padding-right:var(--wp--preset--spacing--40);padding-bottom:var(--wp--preset--spacing--40);padding-left:var(--wp--preset--spacing--40)\">\n<div class=\"intrace-animate intrace-move-up intrace-delay-5\"><p style='text-align:center; color: #1e3867; font-size: 20px;'>\nGesti\u00f3n de cumplimiento y documentaci\u00f3n federal<\/p><\/div>\n<\/div>\n\n\n\n<div class=\"wp-block-group is-layout-constrained wp-container-10\" style=\"padding-top:var(--wp--preset--spacing--40);padding-right:var(--wp--preset--spacing--40);padding-bottom:var(--wp--preset--spacing--40);padding-left:var(--wp--preset--spacing--40)\">\n<div class=\"intrace-animate intrace-move-up intrace-delay-5\"><p style='text-align:left; color: #5e5c5c; font-family: \"Manrope\", Sans-serif; font-weight: 300; font-size: 17px;'>Supervisi\u00f3n completa de licencias, registros, etiquetado, control de impuestos y trazabilidad digital en cada operaci\u00f3n.<br>\nToda la documentaci\u00f3n y reportes cumplen con las normas de la TABC, TTB, ATF y FDA, garantizando legalidad, transparencia y auditabilidad total.\n<\/p><\/div>\n<\/div>\n\n\n\n<div class=\"wp-block-group is-layout-constrained wp-container-11\" style=\"padding-top:var(--wp--preset--spacing--40);padding-right:var(--wp--preset--spacing--40);padding-bottom:var(--wp--preset--spacing--40);padding-left:var(--wp--preset--spacing--40)\">\n<div class=\"intrace-animate intrace-move-up intrace-delay-5\"><p style='text-align:center; color: #1e3867; font-size: 20px;'>\nRepresentaci\u00f3n comercial y desarrollo de marca<\/p><\/div>\n<\/div>\n\n\n\n<div class=\"wp-block-group is-layout-constrained wp-container-12\" style=\"padding-top:var(--wp--preset--spacing--40);padding-right:var(--wp--preset--spacing--40);padding-bottom:var(--wp--preset--spacing--40);padding-left:var(--wp--preset--spacing--40)\">\n<div class=\"intrace-animate intrace-move-up intrace-delay-5\"><p style='text-align:left; color: #5e5c5c; font-family: \"Manrope\", Sans-serif; font-weight: 300; font-size: 17px;'>Alvfor LLC ofrece apoyo integral a productores internacionales que buscan establecer o expandir su presencia en el mercado norteamericano, actuando como representante comercial y distribuidor autorizado, siempre en conformidad con la normativa federal.\n<\/p><\/div>\n<\/div>\n\n\n\n<div class=\"wp-block-group is-layout-constrained wp-container-14\" style=\"padding-top:var(--wp--preset--spacing--40);padding-right:var(--wp--preset--spacing--40);padding-bottom:var(--wp--preset--spacing--40);padding-left:var(--wp--preset--spacing--40)\">\n<div class=\"wp-block-group is-layout-constrained wp-container-13\" style=\"padding-top:var(--wp--preset--spacing--40);padding-right:var(--wp--preset--spacing--40);padding-bottom:var(--wp--preset--spacing--40);padding-left:var(--wp--preset--spacing--40)\">\n<div class=\"intrace-animate intrace-move-up intrace-delay-5\"><p style='text-align:left; color: #5e5c5c; font-family: \"Manrope\", Sans-serif; font-weight: 300; font-size: 17px;'>\ud83d\udca1 VISI\u00d3N<br><br>\n\nConsolidarse como una de las plataformas m\u00e1s confiables y profesionales de distribuci\u00f3n y cumplimiento federal para vinos, destilados, licores, tabaco y productos gourmet, garantizando integridad, eficiencia y excelencia en cada fase del proceso comercial.\n\n<\/p><\/div>\n<\/div>\n<\/div>\n\n\n\n<div class=\"wp-block-group intrace-animate intrace-move-up intrace-delay-5 is-layout-flow wp-container-16\" style=\"padding-top:var(--wp--preset--spacing--40);padding-right:var(--wp--preset--spacing--40);padding-bottom:var(--wp--preset--spacing--40);padding-left:var(--wp--preset--spacing--40)\">\n<div class=\"wp-block-group is-layout-constrained wp-container-15\" style=\"padding-top:var(--wp--preset--spacing--40);padding-right:var(--wp--preset--spacing--40);padding-bottom:var(--wp--preset--spacing--40);padding-left:var(--wp--preset--spacing--40)\">\n<div class=\"intrace-animate intrace-move-up intrace-delay-5\"><p style='text-align:center; color: #1e3867; font-family: \"Manrope\", Sans-serif; font-weight: 200; font-size: 17px;'>\u201cDistribuir con cumplimiento, crecer con excelencia.\u201d\n<\/p><\/div>\n<\/div>\n<\/div>\n\n\n\n<div class=\"wp-block-group is-layout-constrained wp-container-18\" style=\"padding-top:var(--wp--preset--spacing--40);padding-right:var(--wp--preset--spacing--40);padding-bottom:var(--wp--preset--spacing--40);padding-left:var(--wp--preset--spacing--40)\">\n<div class=\"wp-block-group is-layout-constrained wp-container-17\" style=\"padding-top:var(--wp--preset--spacing--40);padding-right:var(--wp--preset--spacing--40);padding-bottom:var(--wp--preset--spacing--40);padding-left:var(--wp--preset--spacing--40)\">\n<div class=\"intrace-animate intrace-move-up intrace-delay-5\"><p style='text-align:left; color: #5e5c5c; font-family: \"Manrope\", Sans-serif; font-weight: 300; font-size: 17px;'>\ud83e\udd1d COMPROMISO<br><br>\n\nEn Alvfor LLC, cada producto representa la confianza de una marca y la expectativa de un consumidor.\nNuestro compromiso es ofrecer un servicio \u00e9tico, preciso y totalmente conforme con la ley, asegurando que cada distribuci\u00f3n cumpla los m\u00e1s altos est\u00e1ndares de seguridad, trazabilidad y cumplimiento federal.\n\n<\/p><\/div>\n<\/div>\n<\/div>\n\n\n\n<div class=\"wp-block-group is-layout-flow wp-container-20\" style=\"padding-top:var(--wp--preset--spacing--40);padding-right:var(--wp--preset--spacing--40);padding-bottom:var(--wp--preset--spacing--40);padding-left:var(--wp--preset--spacing--40)\">\n<div class=\"wp-block-group is-layout-constrained wp-container-19\" style=\"padding-top:var(--wp--preset--spacing--40);padding-right:var(--wp--preset--spacing--40);padding-bottom:var(--wp--preset--spacing--40);padding-left:var(--wp--preset--spacing--40)\">\n<div class=\"intrace-animate intrace-move-up intrace-delay-5\"><p style='text-align:center; color: #1e3867; font-family: \"Manrope\", Sans-serif; font-weight: 200; font-size: 17px;'>\u201cCumplir la norma no es una obligaci\u00f3n, es nuestro sello de excelencia.\u201d\n<\/p><\/div>\n<\/div>\n<\/div>\n\n\n\n<div class=\"wp-block-group is-layout-constrained wp-container-22\" style=\"padding-top:var(--wp--preset--spacing--40);padding-right:var(--wp--preset--spacing--40);padding-bottom:var(--wp--preset--spacing--40);padding-left:var(--wp--preset--spacing--40)\">\n<div class=\"wp-block-group is-layout-constrained wp-container-21\" style=\"padding-top:var(--wp--preset--spacing--40);padding-right:var(--wp--preset--spacing--40);padding-bottom:var(--wp--preset--spacing--40);padding-left:var(--wp--preset--spacing--40)\">\n<div class=\"intrace-animate intrace-move-up intrace-delay-5\"><p style='text-align:left; color: #5e5c5c; font-family: \"Manrope\", Sans-serif; font-weight: 300; font-size: 17px;'>\ud83d\udccd DATOS CLAVE<br><br>\nUbicaci\u00f3n: Houston, Texas, Estados Unidos<br>\nCEO: Alejandro Babatz \u00c1lvarez Loyo<br>\nServicios: Distribuci\u00f3n comercial, cumplimiento federal, documentaci\u00f3n, representaci\u00f3n de marcas<br>\nProductos: Vinos, destilados, licores, tabaco y productos gourmet<br>\nLicencias: TABC \u00b7 TTB \u00b7 ATF \u00b7 FDA <br>\nImportaci\u00f3n: No realiza importaci\u00f3n directa de bebidas alcoh\u00f3licas (seg\u00fan normativa federal)<br>\nCobertura: Nacional (EE. UU.)<br>\nLema: \u201cCompliance is our language. Excellence is our goal.\u201d<br>\n<\/p><\/div>\n<\/div>\n<\/div>\n\n\n\n<div class=\"wp-block-group is-layout-constrained wp-container-24\" style=\"padding-top:var(--wp--preset--spacing--40);padding-right:var(--wp--preset--spacing--40);padding-bottom:var(--wp--preset--spacing--40);padding-left:var(--wp--preset--spacing--40)\">\n<div class=\"wp-block-group is-layout-constrained wp-container-23\" style=\"padding-top:var(--wp--preset--spacing--40);padding-right:var(--wp--preset--spacing--40);padding-bottom:var(--wp--preset--spacing--40);padding-left:var(--wp--preset--spacing--40)\">\n<div class=\"intrace-animate intrace-move-up intrace-delay-5\"><p style='text-align:left; color: #5e5c5c; font-family: \"Manrope\", Sans-serif; font-weight: 300; font-size: 17px;'>\ud83c\udf0e FILOSOF\u00cdA<br><br>\n\nAlvfor LLC une el rigor del cumplimiento regulatorio con una visi\u00f3n comercial moderna y proactiva.\nSu filosof\u00eda se fundamenta en integridad, transparencia y excelencia, ofreciendo a las marcas internacionales una puerta de entrada segura, legal y eficiente al mercado estadounidense.\n\n<\/p><\/div>\n<\/div>\n<\/div>\n\n\n\n<div class=\"wp-block-group is-layout-flow wp-container-26\" style=\"padding-top:var(--wp--preset--spacing--40);padding-right:var(--wp--preset--spacing--40);padding-bottom:var(--wp--preset--spacing--40);padding-left:var(--wp--preset--spacing--40)\">\n<div class=\"wp-block-group is-layout-constrained wp-container-25\" style=\"padding-top:var(--wp--preset--spacing--40);padding-right:var(--wp--preset--spacing--40);padding-bottom:var(--wp--preset--spacing--40);padding-left:var(--wp--preset--spacing--40)\">\n<div class=\"intrace-animate intrace-move-up intrace-delay-5\"><p style='text-align:center; color: #1e3867; font-family: \"Manrope\", Sans-serif; font-weight: 200; font-size: 17px;'>\u201cDesde Houston, distribuimos productos de alto valor con control, legalidad y compromiso.\u201d\n<\/p><\/div>\n<\/div>\n<\/div>\n\n\n\n<div class=\"wp-block-group is-layout-constrained wp-container-28\" style=\"padding-top:var(--wp--preset--spacing--40);padding-right:var(--wp--preset--spacing--40);padding-bottom:var(--wp--preset--spacing--40);padding-left:var(--wp--preset--spacing--40)\">\n<div class=\"wp-block-group is-layout-constrained wp-container-27\" style=\"padding-top:var(--wp--preset--spacing--40);padding-right:var(--wp--preset--spacing--40);padding-bottom:var(--wp--preset--spacing--40);padding-left:var(--wp--preset--spacing--40)\">\n<div class=\"intrace-animate intrace-move-up intrace-delay-5\"><p style='text-align:center; color: #1e3867; font-family: \"Manrope\", Sans-serif; font-weight: 200; font-size: 17px;'>\u201cUna visi\u00f3n que comparte los mismos valores que inspiran a Alvfor Group: estrategia, confianza y resultados sostenibles.\u201d\n<\/p><\/div>\n<\/div>\n<\/div>\n","protected":false},"excerpt":{"rendered":"<p>ALVFOR LLC Distribuci\u00f3n, Cumplimiento Federal y Comercializaci\u00f3n de Productos Premium en Estados Unidos Alvfor LLC, con sede en Houston, Texas, es una empresa especializada en la distribuci\u00f3n y comercializaci\u00f3n de vinos, destilados, licores, tabaco y productos gourmet, operando bajo los m\u00e1s altos est\u00e1ndares regulatorios y de calidad. Cuenta con licencias federales emitidas por la TTB (Alcohol and Tobacco Tax and Trade Bureau) y la ATF (Bureau of Alcohol, Tobacco, Firearms and Explosives), que le permiten gestionar legalmente la distribuci\u00f3n de productos regulados en todo el territorio de los Estados Unidos. De acuerdo con la legislaci\u00f3n federal vigente, Alvfor LLC, no<\/p>\n","protected":false},"author":1,"featured_media":0,"parent":0,"menu_order":0,"comment_status":"closed","ping_status":"closed","template":"","meta":[],"_links":{"self":[{"href":"https:\/\/alvforgroup.com\/index.php\/wp-json\/wp\/v2\/pages\/1304"}],"collection":[{"href":"https:\/\/alvforgroup.com\/index.php\/wp-json\/wp\/v2\/pages"}],"about":[{"href":"https:\/\/alvforgroup.com\/index.php\/wp-json\/wp\/v2\/types\/page"}],"author":[{"embeddable":true,"href":"https:\/\/alvforgroup.com\/index.php\/wp-json\/wp\/v2\/users\/1"}],"replies":[{"embeddable":true,"href":"https:\/\/alvforgroup.com\/index.php\/wp-json\/wp\/v2\/comments?post=1304"}],"version-history":[{"count":49,"href":"https:\/\/alvforgroup.com\/index.php\/wp-json\/wp\/v2\/pages\/1304\/revisions"}],"predecessor-version":[{"id":1646,"href":"https:\/\/alvforgroup.com\/index.php\/wp-json\/wp\/v2\/pages\/1304\/revisions\/1646"}],"wp:attachment":[{"href":"https:\/\/alvforgroup.com\/index.php\/wp-json\/wp\/v2\/media?parent=1304"}],"curies":[{"name":"wp","href":"https:\/\/api.w.org\/{rel}","templated":true}]}}