{"id":114,"date":"2023-05-22T22:17:00","date_gmt":"2023-05-22T22:17:00","guid":{"rendered":"https:\/\/alvforgroup.com\/?page_id=114"},"modified":"2025-11-01T18:06:43","modified_gmt":"2025-11-01T18:06:43","slug":"nosotros","status":"publish","type":"page","link":"https:\/\/alvforgroup.com\/index.php\/nosotros\/","title":{"rendered":"ALVFOR GROUP"},"content":{"rendered":"\n<div class=\"wp-block-group is-layout-constrained\">\n<div class=\"wp-block-group is-layout-constrained wp-container-1\" style=\"padding-top:var(--wp--preset--spacing--40);padding-right:var(--wp--preset--spacing--40);padding-bottom:var(--wp--preset--spacing--40);padding-left:var(--wp--preset--spacing--40)\">\n<h2 class=\"wp-block-heading has-text-align-center\"><strong>Alvfor Group<\/strong><\/h2>\n\n\n\n<div style=\"height:15px\" aria-hidden=\"true\" class=\"wp-block-spacer\"><\/div>\n\n\n\n<p style='text-align:center; color: #1a72a8; font-family: \"Manrope\", Sans-serif; font-weight: 400; font-size: 22px;'>International Trade &#038; Business Consultants\n<\/p>\n\n\n\n<div style=\"height:35px\" aria-hidden=\"true\" class=\"wp-block-spacer\"><\/div>\n\n\n\n<div class=\"intrace-animate intrace-move-up intrace-delay-5\"><p style='text-align:left; color: #5e5c5c; font-family: \"Manrope\", Sans-serif; font-weight: 200; font-size: 17px;'>Consultor\u00eda, integral a trav\u00e9s del estudio de necesidades concretas de productores y empresarios, de diferentes giros, nacionales y extranjeros que deseen, dise\u00f1ar, desarrollar, identificar o simplemente mejorar su proyecto o negocio actual, bas\u00e1ndonos en el an\u00e1lisis detallado de su empresa, al tiempo de colaborar en las mejoras, necesarias para lograr a trav\u00e9s de la optimizaci\u00f3n, su rentabilidad.\n<\/p><\/div>\n\n\n\n<div style=\"height:38px\" aria-hidden=\"true\" class=\"wp-block-spacer\"><\/div>\n\n\n\n<div class=\"intrace-animate intrace-move-up intrace-delay-5\"><p style='text-align:center; color: #1e3867; font-family: \"Manrope\", Sans-serif; font-weight: 200; font-size: 17px;'>\u201cIntegramos conocimiento, estrategia y cumplimiento internacional para fortalecer la expansi\u00f3n de nuestros aliados en tres continentes.\u201d\n<\/p><\/div>\n\n\n\n<div style=\"height:31px\" aria-hidden=\"true\" class=\"wp-block-spacer\"><\/div>\n<\/div>\n<\/div>\n\n\n\n<p><\/p>\n","protected":false},"excerpt":{"rendered":"<p>Alvfor Group International Trade &#038; Business Consultants Consultor\u00eda, integral a trav\u00e9s del estudio de necesidades concretas de productores y empresarios, de diferentes giros, nacionales y extranjeros que deseen, dise\u00f1ar, desarrollar, identificar o simplemente mejorar su proyecto o negocio actual, bas\u00e1ndonos en el an\u00e1lisis detallado de su empresa, al tiempo de colaborar en las mejoras, necesarias para lograr a trav\u00e9s de la optimizaci\u00f3n, su rentabilidad. \u201cIntegramos conocimiento, estrategia y cumplimiento internacional para fortalecer la expansi\u00f3n de nuestros aliados en tres continentes.\u201d<\/p>\n","protected":false},"author":1,"featured_media":0,"parent":0,"menu_order":0,"comment_status":"open","ping_status":"closed","template":"","meta":[],"_links":{"self":[{"href":"https:\/\/alvforgroup.com\/index.php\/wp-json\/wp\/v2\/pages\/114"}],"collection":[{"href":"https:\/\/alvforgroup.com\/index.php\/wp-json\/wp\/v2\/pages"}],"about":[{"href":"https:\/\/alvforgroup.com\/index.php\/wp-json\/wp\/v2\/types\/page"}],"author":[{"embeddable":true,"href":"https:\/\/alvforgroup.com\/index.php\/wp-json\/wp\/v2\/users\/1"}],"replies":[{"embeddable":true,"href":"https:\/\/alvforgroup.com\/index.php\/wp-json\/wp\/v2\/comments?post=114"}],"version-history":[{"count":64,"href":"https:\/\/alvforgroup.com\/index.php\/wp-json\/wp\/v2\/pages\/114\/revisions"}],"predecessor-version":[{"id":1523,"href":"https:\/\/alvforgroup.com\/index.php\/wp-json\/wp\/v2\/pages\/114\/revisions\/1523"}],"wp:attachment":[{"href":"https:\/\/alvforgroup.com\/index.php\/wp-json\/wp\/v2\/media?parent=114"}],"curies":[{"name":"wp","href":"https:\/\/api.w.org\/{rel}","templated":true}]}}